{"id":33,"date":"2022-09-26T13:36:49","date_gmt":"2022-09-26T11:36:49","guid":{"rendered":"https:\/\/websites.fraunhofer.de\/www6gnext\/?page_id=33"},"modified":"2022-12-12T11:43:02","modified_gmt":"2022-12-12T10:43:02","slug":"faqs","status":"publish","type":"page","link":"https:\/\/6gnext.de\/?page_id=33&lang=de","title":{"rendered":"FAQ"},"content":{"rendered":"\n<div style=\"line-height: 2; font-size: 1.1em\">\n  <details style=\"font-family: Arial, Helvetica, sans-serif\">\n    <summary style=\"font-weight: bold; color: rgb(0, 120, 165)\">\n      Was versteckt sich hinter dem Projektname \u201e6G NeXt\u201c?&nbsp;\n    <\/summary>\n    <p style=\"margin:5vh 0vh\">\n      <b>6G<\/b> steht f\u00fcr die n\u00e4chste, die nunmehr sechste Generation des\n      Mobilfunk-Standards. <b>NeXt<\/b> steht f\u00fcr\n      <i>Native Erweiterungen f\u00fcr XR Technologien<\/i> oder auf Englisch\n      <i>Native Extensions for XR Technologies<\/i>. Die Abk\u00fcrzung XR\n      bezeichnet dabei die sogenannte eXtended Reality, ein Oberbegriff, der die\n      Verschmelzung der realen Welt mit der virtuellen Welt in verschiedensten\n      Auspr\u00e4gungen zusammenfasst.\n    <\/p>\n  <\/details>\n\n  <details style=\"font-family: Arial, Helvetica, sans-serif\">\n    <summary style=\"font-weight: bold; color: rgb(0, 120, 165)\">\n      Was bedeutet in diesem Zusammenhang native?\n    <\/summary>\n    <p style=\"margin:5vh 0vh\">\n      <b>Native<\/b> bezieht sich dabei auf cloud-native Erweiterungen, also\n      Software, die voll auf die Funktion in einer Cloud-Infrastruktur ausgelegt\n      ist. Diese Erweiterungen erm\u00f6glichen u.a. XR-Anwendungen von morgen, wie\n      die Projektion von Hologrammen.\n    <\/p>\n  <\/details>\n\n  <details style=\"font-family: Arial, Helvetica, sans-serif\">\n    <summary style=\"font-weight: bold; color: rgb(0, 120, 165)\">\n      Was ist das Ziel des Projektes?\n    <\/summary>\n    <p style=\"margin:5vh 0vh\">\n      Das Projekt hat viele spannende Aspekte: Der wichtigste ist, der Mobilfunk\n      der n\u00e4chsten Generation wird nicht mehr strikt nach Netzwerks- und\n      Softwareschicht getrennt. Die <b>Schichten verschmelzen<\/b>. Geht es zum\n      Beispiel um Latenz, schauen wir nicht mehr nur auf die Funkstrecke,\n      sondern auf das gesamte System. Wir betrachten die Verz\u00f6gerung zwischen\n      den Anwendungen Ende-zu-Ende. Es geht also nicht nur um durch K\u00fcnstliche\n      Intelligenz optimierte Funkstrecken und Antennen, sondern zum Beispiel\n      auch um ultra-schnelle Software-Stacks und die flexible Verteilung von\n      Rechentasks in verschiedene Cloud-Systeme. Auch Softwareprinzipien, wie\n      das aus XR bekannte Auslagern von rechenintensiven Prozessen, entwickelt\n      6G-NeXt weiter.\n    <\/p>\n  <\/details>\n\n  <details style=\"font-family: Arial, Helvetica, sans-serif\">\n    <summary style=\"font-weight: bold; color: rgb(0, 120, 165)\">\n      Was macht das Projekt als sogenanntes Industrie Projekt so besonders?\n    <\/summary>\n    <p style=\"margin:5vh 0vh\">\n      Im Projekt entstehen nicht nur wichtige theoretische Vorarbeiten f\u00fcr 6G,\n      sondern auch eine Experimentalplattform zur\n      <b>Integration von industriellen Anwendungsf\u00e4llen<\/b> von morgen. Wir\n      werden uns einerseits mit theoretischen Forschungsfragen besch\u00e4ftigen und\n      andererseits ganz konkret zeigen, dass Anwendungen mit hohen Anforderungen\n      auf der 6G NeXt Plattform laufen.\n    <\/p>\n  <\/details>\n\n  <details style=\"font-family: Arial, Helvetica, sans-serif\">\n    <summary style=\"font-weight: bold; color: rgb(0, 120, 165)\">\n      Warum diese zwei Anwendungsf\u00e4lle und was ist das Besondere daran?&nbsp;\n    <\/summary>\n    <p style=\"margin:5vh 0vh\">\n      Wir haben zwei Anwendungen exemplarisch gew\u00e4hlt, deren Anforderungen von\n      5G nicht ohne weiteres erf\u00fcllt werden k\u00f6nnen, in ihren Anforderungen aber\n      sehr unterschiedlich sind, um die gesamte Palette der F\u00e4higkeiten der\n      umgesetzten 6G NeXt Infrastruktur aufzuzeigen.&nbsp;\n    <\/p>\n    <p>\n      Zum einen wird ein <b>Holographischer Chat<\/b> implementiert. Dieser\n      Anwendungsfall verlangt eine sehr hohe \u00dcbertragungsrate von mehreren\n      Gigabit pro Sekunde im Up- und Downstream und die gleichzeitige\n      Verarbeitung der Daten im Netz. Diese M\u00f6glichkeiten werden erst durch die\n      neue Mobilfunkgeneration gegeben sein.&nbsp;\n    <\/p>\n    <p style=\"margin:5vh 0vh\">\n      Die zweite Anwendung beinhaltet ein <b>Anti-Kollisions-System<\/b> f\u00fcr\n      Drohnen und den gemischten Flugverkehr. Heutige Systeme, wie TCAS, geben\n      Piloten Empfehlungen. Unser System soll bei schwierigen\n      Verkehrssituationen, die Steuerung automatisch \u00fcbernehmen. Hierbei ist die\n      Verteilung von Rechentasks in Abh\u00e4ngigkeit von Latenzen und verf\u00fcgbaren\n      Ressourcen enorm wichtig und so heute nicht umsetzbar.&nbsp;\n    <\/p>\n  <\/details>\n\n  <details style=\"font-family: Arial, Helvetica, sans-serif\">\n    <summary style=\"font-weight: bold; color: rgb(0, 120, 165)\">\n      Was ist die Besonderheit der Zusammensetzung des Konsortiums?\n    <\/summary>\n    <p style=\"margin:5vh 0vh\">\n      Unser deutsches Projektkonsortium setzt sich aus neun Partnern aus\n      Industrie und Wissenschaft, inklusive Startups und kleinen und mittleren Unternehmen (KMUs) zusammen. Dabei\n      werden\n      <b>neben der Telekommunikationsbranche auch Partner und wissenschaftliche\n        Experten aus der Luftfahrt- und XR-Branche<\/b>\n      mitarbeiten, die die Anwendungsf\u00e4lle implementieren, um ganz konkret die\n      Anforderungen an die unterliegende Infrastruktur von\n      <b>k\u00fcnftigen Anwendern<\/b> einflie\u00dfen zu lassen. Das Ganze wird mit einem\n      Konzept zum Erforschen neuer Erkenntnisse der Qualit\u00e4t des\n      Nutzererlebnisses (<b>Quality of Experience<\/b>) begleitet.\n    <\/p>\n  <\/details>\n<\/div>\n","protected":false},"excerpt":{"rendered":"<div class=\"entry-summary\">\nWas versteckt sich hinter dem Projektname \u201e6G NeXt\u201c?&nbsp; 6G steht f\u00fcr die n\u00e4chste, die nunmehr sechste Generation des Mobilfunk-Standards. NeXt steht f\u00fcr Native Erweiterungen f\u00fcr XR Technologien oder auf Englisch Native Extensions for XR Technologies. Die Abk\u00fcrzung XR bezeichnet dabei die sogenannte eXtended Reality, ein Oberbegriff, der die Verschmelzung der realen Welt mit der virtuellen&hellip;\n<\/div>\n<div class=\"link-more\"><a href=\"https:\/\/6gnext.de\/?page_id=33&#038;lang=de\" class=\"more-link\">Continue reading<span class=\"screen-reader-text\"> &ldquo;FAQ&rdquo;<\/span>&hellip;<\/a><\/div>\n","protected":false},"author":1,"featured_media":0,"parent":0,"menu_order":0,"comment_status":"closed","ping_status":"closed","template":"","meta":{"footnotes":""},"class_list":["post-33","page","type-page","status-publish","hentry","entry"],"_links":{"self":[{"href":"https:\/\/6gnext.de\/index.php?rest_route=\/wp\/v2\/pages\/33","targetHints":{"allow":["GET"]}}],"collection":[{"href":"https:\/\/6gnext.de\/index.php?rest_route=\/wp\/v2\/pages"}],"about":[{"href":"https:\/\/6gnext.de\/index.php?rest_route=\/wp\/v2\/types\/page"}],"author":[{"embeddable":true,"href":"https:\/\/6gnext.de\/index.php?rest_route=\/wp\/v2\/users\/1"}],"replies":[{"embeddable":true,"href":"https:\/\/6gnext.de\/index.php?rest_route=%2Fwp%2Fv2%2Fcomments&post=33"}],"version-history":[{"count":12,"href":"https:\/\/6gnext.de\/index.php?rest_route=\/wp\/v2\/pages\/33\/revisions"}],"predecessor-version":[{"id":540,"href":"https:\/\/6gnext.de\/index.php?rest_route=\/wp\/v2\/pages\/33\/revisions\/540"}],"wp:attachment":[{"href":"https:\/\/6gnext.de\/index.php?rest_route=%2Fwp%2Fv2%2Fmedia&parent=33"}],"curies":[{"name":"wp","href":"https:\/\/api.w.org\/{rel}","templated":true}]}}