{"id":31,"date":"2022-09-26T13:36:34","date_gmt":"2022-09-26T11:36:34","guid":{"rendered":"https:\/\/websites.fraunhofer.de\/www6gnext\/?page_id=31"},"modified":"2025-06-13T16:10:40","modified_gmt":"2025-06-13T14:10:40","slug":"projekt","status":"publish","type":"page","link":"https:\/\/6gnext.de\/?page_id=31&lang=de","title":{"rendered":"Projekt"},"content":{"rendered":"\n<table>\n <tbody>\n  <tr>\n   <td>&nbsp;<\/br>\n    Projektlaufzeit:&nbsp;<\/br>\n&nbsp;<\/br>\n   <\/td>\n   <td>&nbsp;<\/br>\n     15\/10\/2022 \u2013 14\/10\/2025&nbsp;<\/br>\n&nbsp;<\/br>\n   <\/td>\n  <\/tr>\n  <tr>\n   <td>&nbsp;<\/br>\n    F\u00f6rderprogramm:&nbsp;<\/br>\n&nbsp;<\/br>\n   <\/td>\n   <td>&nbsp;<\/br>\n     Forschungsprogramm Kommunikationssysteme \u201eSouver\u00e4n. Digital. Vernetzt.\u201c<\/br>\n&nbsp;<\/br>\n   <\/td>\n  <\/tr>\n  <tr>\n   <td>&nbsp;<\/br>\n    F\u00f6rderrichtlinie:&nbsp;<\/br>\n&nbsp;<\/br>   \n   <\/td>\n   <td>&nbsp;<\/br>\n   6G-Industrieprojekte zur Erforschung von ganzheitlichen Systemen und Teiltechnologien f\u00fcr den Mobilfunk der 6. Generation&nbsp;<\/br>\n&nbsp;<\/br>\n   <\/td>\n  <\/tr>\n  <tr>\n   <td>&nbsp;<\/br>\n     F\u00f6rdergeldgeber:&nbsp;<\/br>\n&nbsp;<\/br>\n   <\/td>\n   <td>&nbsp;<\/br>\n   Bundesministerium f\u00fcr Technologie, Forschung und Raumfahrt&nbsp;<\/br>\n&nbsp;<\/br>\n   <\/td>\n  <\/tr>\n  <tr>\n   <td>&nbsp;<\/br>\n     Projekttr\u00e4ger:&nbsp;<\/br>\n&nbsp;<\/br>\n   <\/td>\n   <td>&nbsp;<\/br>\n    VDI\/VDE Innovation + Technik GmbH&nbsp;<\/br>\n&nbsp;<\/br> \n   <\/td>\n  <\/tr>                     \n <\/tbody>\n<\/table>\n\n\n<div class=\"wp-block-image\">\n<figure class=\"aligncenter size-full\"><img loading=\"lazy\" decoding=\"async\" width=\"500\" height=\"320\" src=\"https:\/\/6gnext.de\/wp-content\/uploads\/2025\/06\/BMFTR_de.png\" alt=\"\" class=\"wp-image-1227\" srcset=\"https:\/\/6gnext.de\/wp-content\/uploads\/2025\/06\/BMFTR_de.png 500w, https:\/\/6gnext.de\/wp-content\/uploads\/2025\/06\/BMFTR_de-300x192.png 300w\" sizes=\"auto, (max-width: 500px) 100vw, 500px\" \/><\/figure>\n<\/div>","protected":false},"excerpt":{"rendered":"<div class=\"entry-summary\">\n&nbsp; Projektlaufzeit:&nbsp; &nbsp; &nbsp; 15\/10\/2022 \u2013 14\/10\/2025&nbsp; &nbsp; &nbsp; F\u00f6rderprogramm:&nbsp; &nbsp; &nbsp; Forschungsprogramm Kommunikationssysteme \u201eSouver\u00e4n. Digital. Vernetzt.\u201c &nbsp; &nbsp; F\u00f6rderrichtlinie:&nbsp; &nbsp; &nbsp; 6G-Industrieprojekte zur Erforschung von ganzheitlichen Systemen und Teiltechnologien f\u00fcr den Mobilfunk der 6. Generation&nbsp; &nbsp; &nbsp; F\u00f6rdergeldgeber:&nbsp; &nbsp; &nbsp; Bundesministerium f\u00fcr Technologie, Forschung und Raumfahrt&nbsp; &nbsp; &nbsp; Projekttr\u00e4ger:&nbsp; &nbsp; &nbsp; VDI\/VDE Innovation +&hellip;\n<\/div>\n<div class=\"link-more\"><a href=\"https:\/\/6gnext.de\/?page_id=31&#038;lang=de\" class=\"more-link\">Continue reading<span class=\"screen-reader-text\"> &ldquo;Projekt&rdquo;<\/span>&hellip;<\/a><\/div>\n","protected":false},"author":1,"featured_media":0,"parent":0,"menu_order":0,"comment_status":"closed","ping_status":"closed","template":"","meta":{"footnotes":""},"class_list":["post-31","page","type-page","status-publish","hentry","entry"],"_links":{"self":[{"href":"https:\/\/6gnext.de\/index.php?rest_route=\/wp\/v2\/pages\/31","targetHints":{"allow":["GET"]}}],"collection":[{"href":"https:\/\/6gnext.de\/index.php?rest_route=\/wp\/v2\/pages"}],"about":[{"href":"https:\/\/6gnext.de\/index.php?rest_route=\/wp\/v2\/types\/page"}],"author":[{"embeddable":true,"href":"https:\/\/6gnext.de\/index.php?rest_route=\/wp\/v2\/users\/1"}],"replies":[{"embeddable":true,"href":"https:\/\/6gnext.de\/index.php?rest_route=%2Fwp%2Fv2%2Fcomments&post=31"}],"version-history":[{"count":23,"href":"https:\/\/6gnext.de\/index.php?rest_route=\/wp\/v2\/pages\/31\/revisions"}],"predecessor-version":[{"id":1229,"href":"https:\/\/6gnext.de\/index.php?rest_route=\/wp\/v2\/pages\/31\/revisions\/1229"}],"wp:attachment":[{"href":"https:\/\/6gnext.de\/index.php?rest_route=%2Fwp%2Fv2%2Fmedia&parent=31"}],"curies":[{"name":"wp","href":"https:\/\/api.w.org\/{rel}","templated":true}]}}