{"id":2,"date":"2022-10-19T12:04:45","date_gmt":"2022-10-19T10:04:45","guid":{"rendered":"https:\/\/websites.fraunhofer.de\/www6gnext\/?page_id=2"},"modified":"2024-04-05T09:46:12","modified_gmt":"2024-04-05T07:46:12","slug":"beispiel-seite","status":"publish","type":"page","link":"https:\/\/6gnext.de\/?page_id=2&lang=de","title":{"rendered":"6G NeXt"},"content":{"rendered":"\n<p><\/p>\n\n\n\n<p>K\u00fcnftige Dienste und Anwendungen, insbesondere im Bereich Multimedia werden f\u00fcr Industrie, Medien und Privatanwender eine nie dagewesene Menge an Daten erzeugen, die in einer <strong>Geschwindigkeit und Zuverl\u00e4ssigkeit<\/strong> \u00fcbertragen werden m\u00fcssen, <strong>welche heutige mobile Netze nicht erreichen <\/strong>w\u00fcrden. Das F\u00f6rdervorhaben \u201c6G Native Extensions for XR Technologies\u201d (Kurztitel: <em>6G NeXt<\/em>) hat sich zum Ziel gesetzt, eine Infrastruktur zu entwickeln, deren <strong>integrierte Netzwerk- und Software-Schicht neue Verarbeitungsgeschwindigkeiten <\/strong>erm\u00f6glicht, sowie die <strong>dynamische Verteilung von komplexen Rechenaufgaben<\/strong> (Split Computing) umsetzt. Neueste Softwaretechnologien vereinen dabei Computing und Konnektivit\u00e4t zu einem Gesamtsystem, dessen M\u00f6glichkeiten \u00fcber die aus 5G bekannte Edge-Cloud weit hinaus gehen.<\/p>\n\n\n\n<p>Im Pionierprojekt <em>6G NeXt<\/em> wird eine <strong>Infrastruktur<\/strong> entwickelt, die Anforderungen an ein zuk\u00fcnftiges 6G Netz aufzeigt, indem zwei anspruchsvolle Anwendungsf\u00e4lle aus innovativen und zukunftsweisenden Industriezweigen Deutschlands unter Nutzung neuer Systemarchitekturen erforscht und umgesetzt werden. Die Leistungsf\u00e4higkeit und Effizienz einer neuen Netzgeneration wird durch <strong>hochleistungsf\u00e4hige Funkschnittstellen<\/strong> mit anwendungsoptimierten Radioprotokollen genauso bestimmt, wie durch <strong>ultraschnelle Software-Stacks<\/strong>, <strong>intelligente Medienverarbeitung<\/strong> sowie die <strong>tiefe Integration von K\u00fcnstlicher Intelligenz (KI) zur Optimierung des Gesamtsystems<\/strong>. Hierbei liegt der Fokus des Vorhabens auf einer Umsetzung mit offenen Schnittstellen, leichter Integrierbarkeit, nachhaltiger Entwicklung und optimierter Wirtschaftlichkeit, so dass die gesellschaftliche Akzeptanz einer neuen 6G-Technologie auf eine breite Basis gestellt wird.<\/p>\n\n\n\n<h3 class=\"wp-block-heading\">Zielsetzung<\/h3>\n\n\n\n<p><em>6G NeXt<\/em> hat sich zum Ziel gesetzt, eine skalierbare, modulare und flexible Infrastruktur zu entwickeln, auf der eine Vielfalt von Anwendungsf\u00e4llen f\u00fcr Industrie und Endanwender realisiert werden kann, deren Anforderungen die des heutigen 5G-Netzes in Bezug auf Intelligenz, Leistungsf\u00e4higkeit und Effizienz \u00fcbertreffen.<\/p>\n","protected":false},"excerpt":{"rendered":"<div class=\"entry-summary\">\nK\u00fcnftige Dienste und Anwendungen, insbesondere im Bereich Multimedia werden f\u00fcr Industrie, Medien und Privatanwender eine nie dagewesene Menge an Daten erzeugen, die in einer Geschwindigkeit und Zuverl\u00e4ssigkeit \u00fcbertragen werden m\u00fcssen, welche heutige mobile Netze nicht erreichen w\u00fcrden. Das F\u00f6rdervorhaben \u201c6G Native Extensions for XR Technologies\u201d (Kurztitel: 6G NeXt) hat sich zum Ziel gesetzt, eine Infrastruktur&hellip;\n<\/div>\n<div class=\"link-more\"><a href=\"https:\/\/6gnext.de\/?page_id=2&#038;lang=de\" class=\"more-link\">Continue reading<span class=\"screen-reader-text\"> &ldquo;6G NeXt&rdquo;<\/span>&hellip;<\/a><\/div>\n","protected":false},"author":1,"featured_media":0,"parent":0,"menu_order":0,"comment_status":"closed","ping_status":"closed","template":"","meta":{"footnotes":""},"class_list":["post-2","page","type-page","status-publish","hentry","entry"],"_links":{"self":[{"href":"https:\/\/6gnext.de\/index.php?rest_route=\/wp\/v2\/pages\/2","targetHints":{"allow":["GET"]}}],"collection":[{"href":"https:\/\/6gnext.de\/index.php?rest_route=\/wp\/v2\/pages"}],"about":[{"href":"https:\/\/6gnext.de\/index.php?rest_route=\/wp\/v2\/types\/page"}],"author":[{"embeddable":true,"href":"https:\/\/6gnext.de\/index.php?rest_route=\/wp\/v2\/users\/1"}],"replies":[{"embeddable":true,"href":"https:\/\/6gnext.de\/index.php?rest_route=%2Fwp%2Fv2%2Fcomments&post=2"}],"version-history":[{"count":24,"href":"https:\/\/6gnext.de\/index.php?rest_route=\/wp\/v2\/pages\/2\/revisions"}],"predecessor-version":[{"id":1160,"href":"https:\/\/6gnext.de\/index.php?rest_route=\/wp\/v2\/pages\/2\/revisions\/1160"}],"wp:attachment":[{"href":"https:\/\/6gnext.de\/index.php?rest_route=%2Fwp%2Fv2%2Fmedia&parent=2"}],"curies":[{"name":"wp","href":"https:\/\/api.w.org\/{rel}","templated":true}]}}